{"id":12,"date":"2023-08-02T13:54:52","date_gmt":"2023-08-02T13:54:52","guid":{"rendered":"https:\/\/web4.rkinformatika.net\/arijonei\/?page_id=12"},"modified":"2023-08-03T09:54:14","modified_gmt":"2023-08-03T09:54:14","slug":"servicio","status":"publish","type":"page","link":"https:\/\/arijonei.com\/eu\/servicio\/","title":{"rendered":"Zerbitzuak"},"content":{"rendered":"<div data-elementor-type=\"wp-page\" data-elementor-id=\"12\" class=\"elementor elementor-12\" data-elementor-post-type=\"page\">\n\t\t\t\t\t\t<section class=\"elementor-section elementor-top-section elementor-element elementor-element-2330137 elementor-section-boxed elementor-section-height-default elementor-section-height-default\" data-id=\"2330137\" data-element_type=\"section\" data-e-type=\"section\" data-settings=\"{&quot;background_background&quot;:&quot;classic&quot;}\">\n\t\t\t\t\t\t\t<div class=\"elementor-background-overlay\"><\/div>\n\t\t\t\t\t\t\t<div class=\"elementor-container elementor-column-gap-default\">\n\t\t\t\t\t<div class=\"elementor-column elementor-col-100 elementor-top-column elementor-element elementor-element-e7be1c6\" data-id=\"e7be1c6\" data-element_type=\"column\" data-e-type=\"column\">\n\t\t\t<div class=\"elementor-widget-wrap\">\n\t\t\t\t\t\t\t<\/div>\n\t\t<\/div>\n\t\t\t\t\t<\/div>\n\t\t<\/section>\n\t\t\t\t<section class=\"elementor-section elementor-top-section elementor-element elementor-element-223c0e7 elementor-section-boxed elementor-section-height-default elementor-section-height-default\" data-id=\"223c0e7\" data-element_type=\"section\" data-e-type=\"section\">\n\t\t\t\t\t\t<div class=\"elementor-container elementor-column-gap-default\">\n\t\t\t\t\t<div class=\"elementor-column elementor-col-66 elementor-top-column elementor-element elementor-element-202e99f\" data-id=\"202e99f\" data-element_type=\"column\" data-e-type=\"column\">\n\t\t\t<div class=\"elementor-widget-wrap elementor-element-populated\">\n\t\t\t\t\t\t<div class=\"elementor-element elementor-element-2c3c638 elementor-widget elementor-widget-heading\" data-id=\"2c3c638\" data-element_type=\"widget\" data-e-type=\"widget\" data-widget_type=\"heading.default\">\n\t\t\t\t<div class=\"elementor-widget-container\">\n\t\t\t\t\t<h2 class=\"elementor-heading-title elementor-size-default\">Compra-venta de inmuebles<\/h2>\t\t\t\t<\/div>\n\t\t\t\t<\/div>\n\t\t\t\t<div class=\"elementor-element elementor-element-90eade2 elementor-widget elementor-widget-text-editor\" data-id=\"90eade2\" data-element_type=\"widget\" data-e-type=\"widget\" data-widget_type=\"text-editor.default\">\n\t\t\t\t<div class=\"elementor-widget-container\">\n\t\t\t\t\t\t\t\t\t<p>Ofrecemos servicios de compra y venta de bienes ra\u00edces y nuestro experimentado equipo ofrece soluciones personalizadas para satisfacer tus necesidades. Te ayudaremos a encontrar la propiedad perfecta o a conseguir el mejor precio por tu propiedad actual. Valoramos tu singularidad y trabajamos de cerca contigo durante todo el proceso. Nuestro compromiso con la excelencia, la honestidad y la transparencia nos distingue como un socio confiable y de confianza.<\/p>\t\t\t\t\t\t\t\t<\/div>\n\t\t\t\t<\/div>\n\t\t\t\t\t<\/div>\n\t\t<\/div>\n\t\t\t\t<div class=\"elementor-column elementor-col-33 elementor-top-column elementor-element elementor-element-27b9a74\" data-id=\"27b9a74\" data-element_type=\"column\" data-e-type=\"column\" data-settings=\"{&quot;background_background&quot;:&quot;classic&quot;}\">\n\t\t\t<div class=\"elementor-widget-wrap elementor-element-populated\">\n\t\t\t\t\t\t<div class=\"elementor-element elementor-element-1f3c7e8 elementor-widget elementor-widget-spacer\" data-id=\"1f3c7e8\" data-element_type=\"widget\" data-e-type=\"widget\" data-widget_type=\"spacer.default\">\n\t\t\t\t<div class=\"elementor-widget-container\">\n\t\t\t\t\t\t\t<div class=\"elementor-spacer\">\n\t\t\t<div class=\"elementor-spacer-inner\"><\/div>\n\t\t<\/div>\n\t\t\t\t\t\t<\/div>\n\t\t\t\t<\/div>\n\t\t\t\t\t<\/div>\n\t\t<\/div>\n\t\t\t\t\t<\/div>\n\t\t<\/section>\n\t\t\t\t<section class=\"elementor-section elementor-top-section elementor-element elementor-element-5700166 elementor-reverse-mobile elementor-section-boxed elementor-section-height-default elementor-section-height-default\" data-id=\"5700166\" data-element_type=\"section\" data-e-type=\"section\" data-settings=\"{&quot;background_background&quot;:&quot;classic&quot;}\">\n\t\t\t\t\t\t<div class=\"elementor-container elementor-column-gap-default\">\n\t\t\t\t\t<div class=\"elementor-column elementor-col-33 elementor-top-column elementor-element elementor-element-1626100\" data-id=\"1626100\" data-element_type=\"column\" data-e-type=\"column\" data-settings=\"{&quot;background_background&quot;:&quot;classic&quot;}\">\n\t\t\t<div class=\"elementor-widget-wrap elementor-element-populated\">\n\t\t\t\t\t\t<div class=\"elementor-element elementor-element-599d862 elementor-widget elementor-widget-spacer\" data-id=\"599d862\" data-element_type=\"widget\" data-e-type=\"widget\" data-widget_type=\"spacer.default\">\n\t\t\t\t<div class=\"elementor-widget-container\">\n\t\t\t\t\t\t\t<div class=\"elementor-spacer\">\n\t\t\t<div class=\"elementor-spacer-inner\"><\/div>\n\t\t<\/div>\n\t\t\t\t\t\t<\/div>\n\t\t\t\t<\/div>\n\t\t\t\t\t<\/div>\n\t\t<\/div>\n\t\t\t\t<div class=\"elementor-column elementor-col-66 elementor-top-column elementor-element elementor-element-10c83a0\" data-id=\"10c83a0\" data-element_type=\"column\" data-e-type=\"column\">\n\t\t\t<div class=\"elementor-widget-wrap elementor-element-populated\">\n\t\t\t\t\t\t<div class=\"elementor-element elementor-element-8d53220 elementor-widget elementor-widget-heading\" data-id=\"8d53220\" data-element_type=\"widget\" data-e-type=\"widget\" data-widget_type=\"heading.default\">\n\t\t\t\t<div class=\"elementor-widget-container\">\n\t\t\t\t\t<h2 class=\"elementor-heading-title elementor-size-default\">Alquiler de inmuebles<\/h2>\t\t\t\t<\/div>\n\t\t\t\t<\/div>\n\t\t\t\t<div class=\"elementor-element elementor-element-eadb454 elementor-widget elementor-widget-text-editor\" data-id=\"eadb454\" data-element_type=\"widget\" data-e-type=\"widget\" data-widget_type=\"text-editor.default\">\n\t\t\t\t<div class=\"elementor-widget-container\">\n\t\t\t\t\t\t\t\t\t<p>En nuestro sitio, ofrecemos una amplia gama de opciones de alquiler de inmuebles que se adaptan a todas las necesidades y presupuestos. Ya sea que est\u00e9 buscando un apartamento elegante y moderno en el centro de la ciudad, una casa espaciosa con jard\u00edn en un vecindario tranquilo o un local comercial para su negocio, tenemos justo lo que necesita. Trabajamos con propietarios y agentes inmobiliarios de confianza para garantizar que cada propiedad que ofrecemos cumpla con los m\u00e1s altos est\u00e1ndares de calidad y seguridad. Nuestro equipo de atenci\u00f3n al cliente est\u00e1 siempre disponible para responder cualquier pregunta que pueda tener y ayudarlo a encontrar el alquiler perfecto para usted.<\/p>\t\t\t\t\t\t\t\t<\/div>\n\t\t\t\t<\/div>\n\t\t\t\t\t<\/div>\n\t\t<\/div>\n\t\t\t\t\t<\/div>\n\t\t<\/section>\n\t\t\t\t<section class=\"elementor-section elementor-top-section elementor-element elementor-element-b9b9c37 elementor-section-boxed elementor-section-height-default elementor-section-height-default\" data-id=\"b9b9c37\" data-element_type=\"section\" data-e-type=\"section\">\n\t\t\t\t\t\t<div class=\"elementor-container elementor-column-gap-default\">\n\t\t\t\t\t<div class=\"elementor-column elementor-col-66 elementor-top-column elementor-element elementor-element-c01656d\" data-id=\"c01656d\" data-element_type=\"column\" data-e-type=\"column\">\n\t\t\t<div class=\"elementor-widget-wrap elementor-element-populated\">\n\t\t\t\t\t\t<div class=\"elementor-element elementor-element-9a64e27 elementor-widget elementor-widget-heading\" data-id=\"9a64e27\" data-element_type=\"widget\" data-e-type=\"widget\" data-widget_type=\"heading.default\">\n\t\t\t\t<div class=\"elementor-widget-container\">\n\t\t\t\t\t<h2 class=\"elementor-heading-title elementor-size-default\">Inversiones financieras<\/h2>\t\t\t\t<\/div>\n\t\t\t\t<\/div>\n\t\t\t\t<div class=\"elementor-element elementor-element-5331b89 elementor-widget elementor-widget-text-editor\" data-id=\"5331b89\" data-element_type=\"widget\" data-e-type=\"widget\" data-widget_type=\"text-editor.default\">\n\t\t\t\t<div class=\"elementor-widget-container\">\n\t\t\t\t\t\t\t\t\t<p>Invertir en acciones, bonos y fondos mutuos puede diversificar tu cartera, aumentar tu riqueza y lograr objetivos financieros a largo plazo. Esta pr\u00e1ctica genera altos rendimientos con el tiempo y tiene un cierto nivel de riesgo. Al invertir en diferentes instrumentos financieros o activos, puedes mitigar riesgos, buscar mayores rendimientos, generar ingresos pasivos y aprovechar el inter\u00e9s compuesto. Para tomar decisiones informadas sobre el tipo de inversi\u00f3n, trabaja con un asesor financiero de confianza.<\/p>\t\t\t\t\t\t\t\t<\/div>\n\t\t\t\t<\/div>\n\t\t\t\t\t<\/div>\n\t\t<\/div>\n\t\t\t\t<div class=\"elementor-column elementor-col-33 elementor-top-column elementor-element elementor-element-f628a4d\" data-id=\"f628a4d\" data-element_type=\"column\" data-e-type=\"column\" data-settings=\"{&quot;background_background&quot;:&quot;classic&quot;}\">\n\t\t\t<div class=\"elementor-widget-wrap elementor-element-populated\">\n\t\t\t\t\t\t<div class=\"elementor-element elementor-element-ce57e1e elementor-widget elementor-widget-spacer\" data-id=\"ce57e1e\" data-element_type=\"widget\" data-e-type=\"widget\" data-widget_type=\"spacer.default\">\n\t\t\t\t<div class=\"elementor-widget-container\">\n\t\t\t\t\t\t\t<div class=\"elementor-spacer\">\n\t\t\t<div class=\"elementor-spacer-inner\"><\/div>\n\t\t<\/div>\n\t\t\t\t\t\t<\/div>\n\t\t\t\t<\/div>\n\t\t\t\t\t<\/div>\n\t\t<\/div>\n\t\t\t\t\t<\/div>\n\t\t<\/section>\n\t\t\t\t<section class=\"elementor-section elementor-top-section elementor-element elementor-element-43c093d elementor-reverse-mobile elementor-section-boxed elementor-section-height-default elementor-section-height-default\" data-id=\"43c093d\" data-element_type=\"section\" data-e-type=\"section\" data-settings=\"{&quot;background_background&quot;:&quot;classic&quot;}\">\n\t\t\t\t\t\t<div class=\"elementor-container elementor-column-gap-default\">\n\t\t\t\t\t<div class=\"elementor-column elementor-col-33 elementor-top-column elementor-element elementor-element-24f30b6\" data-id=\"24f30b6\" data-element_type=\"column\" data-e-type=\"column\" data-settings=\"{&quot;background_background&quot;:&quot;classic&quot;}\">\n\t\t\t<div class=\"elementor-widget-wrap elementor-element-populated\">\n\t\t\t\t\t\t<div class=\"elementor-element elementor-element-eb76663 elementor-widget elementor-widget-spacer\" data-id=\"eb76663\" data-element_type=\"widget\" data-e-type=\"widget\" data-widget_type=\"spacer.default\">\n\t\t\t\t<div class=\"elementor-widget-container\">\n\t\t\t\t\t\t\t<div class=\"elementor-spacer\">\n\t\t\t<div class=\"elementor-spacer-inner\"><\/div>\n\t\t<\/div>\n\t\t\t\t\t\t<\/div>\n\t\t\t\t<\/div>\n\t\t\t\t\t<\/div>\n\t\t<\/div>\n\t\t\t\t<div class=\"elementor-column elementor-col-66 elementor-top-column elementor-element elementor-element-a0656a8\" data-id=\"a0656a8\" data-element_type=\"column\" data-e-type=\"column\">\n\t\t\t<div class=\"elementor-widget-wrap elementor-element-populated\">\n\t\t\t\t\t\t<div class=\"elementor-element elementor-element-51b5ccb elementor-widget elementor-widget-heading\" data-id=\"51b5ccb\" data-element_type=\"widget\" data-e-type=\"widget\" data-widget_type=\"heading.default\">\n\t\t\t\t<div class=\"elementor-widget-container\">\n\t\t\t\t\t<h2 class=\"elementor-heading-title elementor-size-default\">Gesti\u00f3n patrimonial<\/h2>\t\t\t\t<\/div>\n\t\t\t\t<\/div>\n\t\t\t\t<div class=\"elementor-element elementor-element-d5f6436 elementor-widget elementor-widget-text-editor\" data-id=\"d5f6436\" data-element_type=\"widget\" data-e-type=\"widget\" data-widget_type=\"text-editor.default\">\n\t\t\t\t<div class=\"elementor-widget-container\">\n\t\t\t\t\t\t\t\t\t<p>Gesti\u00f3n patrimonial es un proceso de administraci\u00f3n y protecci\u00f3n del patrimonio, que involucra an\u00e1lisis de activos y pasivos, identificaci\u00f3n de riesgos financieros, selecci\u00f3n de inversiones adecuadas y creaci\u00f3n de un plan de sucesi\u00f3n. Hay profesionales especializados que brindan este servicio, que puede garantizar la estabilidad financiera y el futuro bienestar de personas y empresas con patrimonios significativos.<\/p>\t\t\t\t\t\t\t\t<\/div>\n\t\t\t\t<\/div>\n\t\t\t\t\t<\/div>\n\t\t<\/div>\n\t\t\t\t\t<\/div>\n\t\t<\/section>\n\t\t\t\t<section class=\"elementor-section elementor-top-section elementor-element elementor-element-839ef8e elementor-section-boxed elementor-section-height-default elementor-section-height-default\" data-id=\"839ef8e\" data-element_type=\"section\" data-e-type=\"section\">\n\t\t\t\t\t\t<div class=\"elementor-container elementor-column-gap-default\">\n\t\t\t\t\t<div class=\"elementor-column elementor-col-100 elementor-top-column elementor-element elementor-element-61af23a\" data-id=\"61af23a\" data-element_type=\"column\" data-e-type=\"column\">\n\t\t\t<div class=\"elementor-widget-wrap elementor-element-populated\">\n\t\t\t\t\t\t<div class=\"elementor-element elementor-element-dae147f elementor-widget elementor-widget-spacer\" data-id=\"dae147f\" data-element_type=\"widget\" data-e-type=\"widget\" data-widget_type=\"spacer.default\">\n\t\t\t\t<div class=\"elementor-widget-container\">\n\t\t\t\t\t\t\t<div class=\"elementor-spacer\">\n\t\t\t<div class=\"elementor-spacer-inner\"><\/div>\n\t\t<\/div>\n\t\t\t\t\t\t<\/div>\n\t\t\t\t<\/div>\n\t\t\t\t\t<\/div>\n\t\t<\/div>\n\t\t\t\t\t<\/div>\n\t\t<\/section>\n\t\t\t\t<\/div>","protected":false},"excerpt":{"rendered":"<p>Compra-venta de inmuebles Ofrecemos servicios de compra y venta de bienes ra\u00edces y nuestro experimentado equipo ofrece soluciones personalizadas para satisfacer tus necesidades. Te ayudaremos a encontrar la propiedad perfecta o a conseguir el mejor precio por tu propiedad actual. Valoramos tu singularidad y trabajamos de cerca contigo durante todo el proceso. Nuestro compromiso con [&hellip;]<\/p>\n","protected":false},"author":1,"featured_media":0,"parent":0,"menu_order":0,"comment_status":"closed","ping_status":"closed","template":"","meta":{"footnotes":""},"class_list":["post-12","page","type-page","status-publish","hentry"],"yoast_head":"<!-- This site is optimized with the Yoast SEO plugin v27.3 - https:\/\/yoast.com\/product\/yoast-seo-wordpress\/ -->\n<title>Servicio - ARIJONEI SL<\/title>\n<meta name=\"robots\" content=\"index, follow, max-snippet:-1, max-image-preview:large, max-video-preview:-1\" \/>\n<link rel=\"canonical\" href=\"https:\/\/arijonei.com\/eu\/servicio\/\" \/>\n<meta property=\"og:locale\" content=\"en_US\" \/>\n<meta property=\"og:type\" content=\"article\" \/>\n<meta property=\"og:title\" content=\"Servicio - ARIJONEI SL\" \/>\n<meta property=\"og:description\" content=\"Compra-venta de inmuebles Ofrecemos servicios de compra y venta de bienes ra\u00edces y nuestro experimentado equipo ofrece soluciones personalizadas para satisfacer tus necesidades. Te ayudaremos a encontrar la propiedad perfecta o a conseguir el mejor precio por tu propiedad actual. Valoramos tu singularidad y trabajamos de cerca contigo durante todo el proceso. Nuestro compromiso con [&hellip;]\" \/>\n<meta property=\"og:url\" content=\"https:\/\/arijonei.com\/eu\/servicio\/\" \/>\n<meta property=\"og:site_name\" content=\"ARIJONEI SL\" \/>\n<meta property=\"article:modified_time\" content=\"2023-08-03T09:54:14+00:00\" \/>\n<meta name=\"twitter:card\" content=\"summary_large_image\" \/>\n<meta name=\"twitter:label1\" content=\"Est. reading time\" \/>\n\t<meta name=\"twitter:data1\" content=\"2 minutua\" \/>\n<script type=\"application\/ld+json\" class=\"yoast-schema-graph\">{\"@context\":\"https:\\\/\\\/schema.org\",\"@graph\":[{\"@type\":\"WebPage\",\"@id\":\"https:\\\/\\\/arijonei.com\\\/servicio\\\/\",\"url\":\"https:\\\/\\\/arijonei.com\\\/servicio\\\/\",\"name\":\"Servicio - ARIJONEI SL\",\"isPartOf\":{\"@id\":\"https:\\\/\\\/arijonei.com\\\/#website\"},\"datePublished\":\"2023-08-02T13:54:52+00:00\",\"dateModified\":\"2023-08-03T09:54:14+00:00\",\"breadcrumb\":{\"@id\":\"https:\\\/\\\/arijonei.com\\\/servicio\\\/#breadcrumb\"},\"inLanguage\":\"eu\",\"potentialAction\":[{\"@type\":\"ReadAction\",\"target\":[\"https:\\\/\\\/arijonei.com\\\/servicio\\\/\"]}]},{\"@type\":\"BreadcrumbList\",\"@id\":\"https:\\\/\\\/arijonei.com\\\/servicio\\\/#breadcrumb\",\"itemListElement\":[{\"@type\":\"ListItem\",\"position\":1,\"name\":\"Portada\",\"item\":\"https:\\\/\\\/arijonei.com\\\/\"},{\"@type\":\"ListItem\",\"position\":2,\"name\":\"Servicio\"}]},{\"@type\":\"WebSite\",\"@id\":\"https:\\\/\\\/arijonei.com\\\/#website\",\"url\":\"https:\\\/\\\/arijonei.com\\\/\",\"name\":\"ARIJONEI SL\",\"description\":\"Compra-venta y alquiler de inmuebles.\",\"publisher\":{\"@id\":\"https:\\\/\\\/arijonei.com\\\/#organization\"},\"potentialAction\":[{\"@type\":\"SearchAction\",\"target\":{\"@type\":\"EntryPoint\",\"urlTemplate\":\"https:\\\/\\\/arijonei.com\\\/?s={search_term_string}\"},\"query-input\":{\"@type\":\"PropertyValueSpecification\",\"valueRequired\":true,\"valueName\":\"search_term_string\"}}],\"inLanguage\":\"eu\"},{\"@type\":\"Organization\",\"@id\":\"https:\\\/\\\/arijonei.com\\\/#organization\",\"name\":\"ARIJONEI SL\",\"url\":\"https:\\\/\\\/arijonei.com\\\/\",\"logo\":{\"@type\":\"ImageObject\",\"inLanguage\":\"eu\",\"@id\":\"https:\\\/\\\/arijonei.com\\\/#\\\/schema\\\/logo\\\/image\\\/\",\"url\":\"https:\\\/\\\/arijonei.com\\\/wp-content\\\/uploads\\\/2023\\\/08\\\/cropped-Arijonei_Mesa-de-trabajo-1.png\",\"contentUrl\":\"https:\\\/\\\/arijonei.com\\\/wp-content\\\/uploads\\\/2023\\\/08\\\/cropped-Arijonei_Mesa-de-trabajo-1.png\",\"width\":1080,\"height\":206,\"caption\":\"ARIJONEI SL\"},\"image\":{\"@id\":\"https:\\\/\\\/arijonei.com\\\/#\\\/schema\\\/logo\\\/image\\\/\"}}]}<\/script>\n<!-- \/ Yoast SEO plugin. -->","yoast_head_json":{"title":"Servicio - ARIJONEI SL","robots":{"index":"index","follow":"follow","max-snippet":"max-snippet:-1","max-image-preview":"max-image-preview:large","max-video-preview":"max-video-preview:-1"},"canonical":"https:\/\/arijonei.com\/eu\/servicio\/","og_locale":"en_US","og_type":"article","og_title":"Servicio - ARIJONEI SL","og_description":"Compra-venta de inmuebles Ofrecemos servicios de compra y venta de bienes ra\u00edces y nuestro experimentado equipo ofrece soluciones personalizadas para satisfacer tus necesidades. Te ayudaremos a encontrar la propiedad perfecta o a conseguir el mejor precio por tu propiedad actual. Valoramos tu singularidad y trabajamos de cerca contigo durante todo el proceso. Nuestro compromiso con [&hellip;]","og_url":"https:\/\/arijonei.com\/eu\/servicio\/","og_site_name":"ARIJONEI SL","article_modified_time":"2023-08-03T09:54:14+00:00","twitter_card":"summary_large_image","twitter_misc":{"Est. reading time":"2 minutua"},"schema":{"@context":"https:\/\/schema.org","@graph":[{"@type":"WebPage","@id":"https:\/\/arijonei.com\/servicio\/","url":"https:\/\/arijonei.com\/servicio\/","name":"Servicio - ARIJONEI SL","isPartOf":{"@id":"https:\/\/arijonei.com\/#website"},"datePublished":"2023-08-02T13:54:52+00:00","dateModified":"2023-08-03T09:54:14+00:00","breadcrumb":{"@id":"https:\/\/arijonei.com\/servicio\/#breadcrumb"},"inLanguage":"eu","potentialAction":[{"@type":"ReadAction","target":["https:\/\/arijonei.com\/servicio\/"]}]},{"@type":"BreadcrumbList","@id":"https:\/\/arijonei.com\/servicio\/#breadcrumb","itemListElement":[{"@type":"ListItem","position":1,"name":"Portada","item":"https:\/\/arijonei.com\/"},{"@type":"ListItem","position":2,"name":"Servicio"}]},{"@type":"WebSite","@id":"https:\/\/arijonei.com\/#website","url":"https:\/\/arijonei.com\/","name":"ARIJONEI SL","description":"Compra-venta y alquiler de inmuebles.","publisher":{"@id":"https:\/\/arijonei.com\/#organization"},"potentialAction":[{"@type":"SearchAction","target":{"@type":"EntryPoint","urlTemplate":"https:\/\/arijonei.com\/?s={search_term_string}"},"query-input":{"@type":"PropertyValueSpecification","valueRequired":true,"valueName":"search_term_string"}}],"inLanguage":"eu"},{"@type":"Organization","@id":"https:\/\/arijonei.com\/#organization","name":"ARIJONEI SL","url":"https:\/\/arijonei.com\/","logo":{"@type":"ImageObject","inLanguage":"eu","@id":"https:\/\/arijonei.com\/#\/schema\/logo\/image\/","url":"https:\/\/arijonei.com\/wp-content\/uploads\/2023\/08\/cropped-Arijonei_Mesa-de-trabajo-1.png","contentUrl":"https:\/\/arijonei.com\/wp-content\/uploads\/2023\/08\/cropped-Arijonei_Mesa-de-trabajo-1.png","width":1080,"height":206,"caption":"ARIJONEI SL"},"image":{"@id":"https:\/\/arijonei.com\/#\/schema\/logo\/image\/"}}]}},"_links":{"self":[{"href":"https:\/\/arijonei.com\/eu\/wp-json\/wp\/v2\/pages\/12","targetHints":{"allow":["GET"]}}],"collection":[{"href":"https:\/\/arijonei.com\/eu\/wp-json\/wp\/v2\/pages"}],"about":[{"href":"https:\/\/arijonei.com\/eu\/wp-json\/wp\/v2\/types\/page"}],"author":[{"embeddable":true,"href":"https:\/\/arijonei.com\/eu\/wp-json\/wp\/v2\/users\/1"}],"replies":[{"embeddable":true,"href":"https:\/\/arijonei.com\/eu\/wp-json\/wp\/v2\/comments?post=12"}],"version-history":[{"count":31,"href":"https:\/\/arijonei.com\/eu\/wp-json\/wp\/v2\/pages\/12\/revisions"}],"predecessor-version":[{"id":295,"href":"https:\/\/arijonei.com\/eu\/wp-json\/wp\/v2\/pages\/12\/revisions\/295"}],"wp:attachment":[{"href":"https:\/\/arijonei.com\/eu\/wp-json\/wp\/v2\/media?parent=12"}],"curies":[{"name":"wp","href":"https:\/\/api.w.org\/{rel}","templated":true}]}}