{"id":2,"date":"2023-08-02T11:30:18","date_gmt":"2023-08-02T11:30:18","guid":{"rendered":"https:\/\/web4.rkinformatika.net\/arijonei\/?page_id=2"},"modified":"2023-08-03T09:05:04","modified_gmt":"2023-08-03T09:05:04","slug":"inicio","status":"publish","type":"page","link":"https:\/\/arijonei.com\/eu\/","title":{"rendered":"Hasiera"},"content":{"rendered":"<div data-elementor-type=\"wp-page\" data-elementor-id=\"2\" class=\"elementor elementor-2\" data-elementor-post-type=\"page\">\n\t\t\t\t\t\t<section class=\"elementor-section elementor-top-section elementor-element elementor-element-f67da5b elementor-section-boxed elementor-section-height-default elementor-section-height-default\" data-id=\"f67da5b\" data-element_type=\"section\" data-e-type=\"section\" data-settings=\"{&quot;background_background&quot;:&quot;classic&quot;}\">\n\t\t\t\t\t\t\t<div class=\"elementor-background-overlay\"><\/div>\n\t\t\t\t\t\t\t<div class=\"elementor-container elementor-column-gap-default\">\n\t\t\t\t\t<div class=\"elementor-column elementor-col-100 elementor-top-column elementor-element elementor-element-90379fb\" data-id=\"90379fb\" data-element_type=\"column\" data-e-type=\"column\">\n\t\t\t<div class=\"elementor-widget-wrap\">\n\t\t\t\t\t\t\t<\/div>\n\t\t<\/div>\n\t\t\t\t\t<\/div>\n\t\t<\/section>\n\t\t\t\t<section class=\"elementor-section elementor-top-section elementor-element elementor-element-69f703f elementor-section-boxed elementor-section-height-default elementor-section-height-default\" data-id=\"69f703f\" data-element_type=\"section\" data-e-type=\"section\">\n\t\t\t\t\t\t<div class=\"elementor-container elementor-column-gap-default\">\n\t\t\t\t\t<div class=\"elementor-column elementor-col-100 elementor-top-column elementor-element elementor-element-4ee0f41\" data-id=\"4ee0f41\" data-element_type=\"column\" data-e-type=\"column\">\n\t\t\t<div class=\"elementor-widget-wrap elementor-element-populated\">\n\t\t\t\t\t\t<div class=\"elementor-element elementor-element-3b51a5d elementor-widget elementor-widget-heading\" data-id=\"3b51a5d\" data-element_type=\"widget\" data-e-type=\"widget\" data-widget_type=\"heading.default\">\n\t\t\t\t<div class=\"elementor-widget-container\">\n\t\t\t\t\t<h2 class=\"elementor-heading-title elementor-size-default\">Guri buruz<\/h2>\t\t\t\t<\/div>\n\t\t\t\t<\/div>\n\t\t\t\t\t<\/div>\n\t\t<\/div>\n\t\t\t\t\t<\/div>\n\t\t<\/section>\n\t\t\t\t<section class=\"elementor-section elementor-top-section elementor-element elementor-element-592bc69 elementor-section-boxed elementor-section-height-default elementor-section-height-default\" data-id=\"592bc69\" data-element_type=\"section\" data-e-type=\"section\">\n\t\t\t\t\t\t<div class=\"elementor-container elementor-column-gap-default\">\n\t\t\t\t\t<div class=\"elementor-column elementor-col-33 elementor-top-column elementor-element elementor-element-2b286c2\" data-id=\"2b286c2\" data-element_type=\"column\" data-e-type=\"column\" data-settings=\"{&quot;background_background&quot;:&quot;classic&quot;}\">\n\t\t\t<div class=\"elementor-widget-wrap elementor-element-populated\">\n\t\t\t\t\t\t<div class=\"elementor-element elementor-element-8d6d673 elementor-widget elementor-widget-spacer\" data-id=\"8d6d673\" data-element_type=\"widget\" data-e-type=\"widget\" data-widget_type=\"spacer.default\">\n\t\t\t\t<div class=\"elementor-widget-container\">\n\t\t\t\t\t\t\t<div class=\"elementor-spacer\">\n\t\t\t<div class=\"elementor-spacer-inner\"><\/div>\n\t\t<\/div>\n\t\t\t\t\t\t<\/div>\n\t\t\t\t<\/div>\n\t\t\t\t\t<\/div>\n\t\t<\/div>\n\t\t\t\t<div class=\"elementor-column elementor-col-66 elementor-top-column elementor-element elementor-element-d7fc78b\" data-id=\"d7fc78b\" data-element_type=\"column\" data-e-type=\"column\">\n\t\t\t<div class=\"elementor-widget-wrap elementor-element-populated\">\n\t\t\t\t\t\t<div class=\"elementor-element elementor-element-ea7c915 elementor-widget elementor-widget-text-editor\" data-id=\"ea7c915\" data-element_type=\"widget\" data-e-type=\"widget\" data-widget_type=\"text-editor.default\">\n\t\t\t\t<div class=\"elementor-widget-container\">\n\t\t\t\t\t\t\t\t\t<p>Ongi etorri gure webgunera! Higiezin bat erosi, saldu edo alokatu nahi baduzu, adierazitako tokian zaude. Zure beharretara eta aurrekontura egokitzen diren hainbat aukera ditugu zuri eskaintzeko. Ondasunei buruzko gure aditu-taldea zure esanetara egongo da uneoro aholkuak emateko eta negoziazio-prozesuan laguntzeko. Gainera, merkatuko profesional onenekin lan egiten dugu, abokatuekin, arkitektoekin eta dekoratzaileekin, kalitatezko zerbitzu osoa emateko. Gure higiezin guztiak zehatz-mehatz hautatzen ditugu, merkatuko aukerarik onenak eta esperientzia egokia bermatzeko. Jarri gurekin harremanetan informazio gehiago jasotzeko eta bisita bat antolatzeko.\u00a0<\/p>\t\t\t\t\t\t\t\t<\/div>\n\t\t\t\t<\/div>\n\t\t\t\t\t<\/div>\n\t\t<\/div>\n\t\t\t\t\t<\/div>\n\t\t<\/section>\n\t\t\t\t<\/div>","protected":false},"excerpt":{"rendered":"<p>Sobre nosotros Bienvenido\/a a nuestro sitio web! Si est\u00e1s buscando comprar, vender o alquilar un inmueble, est\u00e1s en el lugar indicado. Contamos con una amplia variedad de opciones para ofrecerte, que se adaptan a tus necesidades y presupuesto. Nuestro equipo de expertos en bienes ra\u00edces estar\u00e1 a tu disposici\u00f3n para asesorarte en todo momento y [&hellip;]<\/p>\n","protected":false},"author":1,"featured_media":0,"parent":0,"menu_order":0,"comment_status":"closed","ping_status":"closed","template":"","meta":{"footnotes":""},"class_list":["post-2","page","type-page","status-publish","hentry"],"yoast_head":"<!-- This site is optimized with the Yoast SEO plugin v27.3 - https:\/\/yoast.com\/product\/yoast-seo-wordpress\/ -->\n<title>Inicio - ARIJONEI SL<\/title>\n<meta name=\"robots\" content=\"index, follow, max-snippet:-1, max-image-preview:large, max-video-preview:-1\" \/>\n<link rel=\"canonical\" href=\"https:\/\/arijonei.com\/eu\/\" \/>\n<meta property=\"og:locale\" content=\"en_US\" \/>\n<meta property=\"og:type\" content=\"article\" \/>\n<meta property=\"og:title\" content=\"Inicio - ARIJONEI SL\" \/>\n<meta property=\"og:description\" content=\"Sobre nosotros Bienvenido\/a a nuestro sitio web! Si est\u00e1s buscando comprar, vender o alquilar un inmueble, est\u00e1s en el lugar indicado. Contamos con una amplia variedad de opciones para ofrecerte, que se adaptan a tus necesidades y presupuesto. Nuestro equipo de expertos en bienes ra\u00edces estar\u00e1 a tu disposici\u00f3n para asesorarte en todo momento y [&hellip;]\" \/>\n<meta property=\"og:url\" content=\"https:\/\/arijonei.com\/eu\/\" \/>\n<meta property=\"og:site_name\" content=\"ARIJONEI SL\" \/>\n<meta property=\"article:modified_time\" content=\"2023-08-03T09:05:04+00:00\" \/>\n<meta name=\"twitter:card\" content=\"summary_large_image\" \/>\n<meta name=\"twitter:label1\" content=\"Est. reading time\" \/>\n\t<meta name=\"twitter:data1\" content=\"1 minutua\" \/>\n<script type=\"application\/ld+json\" class=\"yoast-schema-graph\">{\"@context\":\"https:\\\/\\\/schema.org\",\"@graph\":[{\"@type\":\"WebPage\",\"@id\":\"https:\\\/\\\/arijonei.com\\\/\",\"url\":\"https:\\\/\\\/arijonei.com\\\/\",\"name\":\"Inicio - ARIJONEI SL\",\"isPartOf\":{\"@id\":\"https:\\\/\\\/arijonei.com\\\/#website\"},\"datePublished\":\"2023-08-02T11:30:18+00:00\",\"dateModified\":\"2023-08-03T09:05:04+00:00\",\"breadcrumb\":{\"@id\":\"https:\\\/\\\/arijonei.com\\\/#breadcrumb\"},\"inLanguage\":\"eu\",\"potentialAction\":[{\"@type\":\"ReadAction\",\"target\":[\"https:\\\/\\\/arijonei.com\\\/\"]}]},{\"@type\":\"BreadcrumbList\",\"@id\":\"https:\\\/\\\/arijonei.com\\\/#breadcrumb\",\"itemListElement\":[{\"@type\":\"ListItem\",\"position\":1,\"name\":\"Portada\",\"item\":\"https:\\\/\\\/arijonei.com\\\/\"},{\"@type\":\"ListItem\",\"position\":2,\"name\":\"Inicio\"}]},{\"@type\":\"WebSite\",\"@id\":\"https:\\\/\\\/arijonei.com\\\/#website\",\"url\":\"https:\\\/\\\/arijonei.com\\\/\",\"name\":\"ARIJONEI SL\",\"description\":\"Compra-venta y alquiler de inmuebles.\",\"publisher\":{\"@id\":\"https:\\\/\\\/arijonei.com\\\/#organization\"},\"potentialAction\":[{\"@type\":\"SearchAction\",\"target\":{\"@type\":\"EntryPoint\",\"urlTemplate\":\"https:\\\/\\\/arijonei.com\\\/?s={search_term_string}\"},\"query-input\":{\"@type\":\"PropertyValueSpecification\",\"valueRequired\":true,\"valueName\":\"search_term_string\"}}],\"inLanguage\":\"eu\"},{\"@type\":\"Organization\",\"@id\":\"https:\\\/\\\/arijonei.com\\\/#organization\",\"name\":\"ARIJONEI SL\",\"url\":\"https:\\\/\\\/arijonei.com\\\/\",\"logo\":{\"@type\":\"ImageObject\",\"inLanguage\":\"eu\",\"@id\":\"https:\\\/\\\/arijonei.com\\\/#\\\/schema\\\/logo\\\/image\\\/\",\"url\":\"https:\\\/\\\/arijonei.com\\\/wp-content\\\/uploads\\\/2023\\\/08\\\/cropped-Arijonei_Mesa-de-trabajo-1.png\",\"contentUrl\":\"https:\\\/\\\/arijonei.com\\\/wp-content\\\/uploads\\\/2023\\\/08\\\/cropped-Arijonei_Mesa-de-trabajo-1.png\",\"width\":1080,\"height\":206,\"caption\":\"ARIJONEI SL\"},\"image\":{\"@id\":\"https:\\\/\\\/arijonei.com\\\/#\\\/schema\\\/logo\\\/image\\\/\"}}]}<\/script>\n<!-- \/ Yoast SEO plugin. -->","yoast_head_json":{"title":"Inicio - ARIJONEI SL","robots":{"index":"index","follow":"follow","max-snippet":"max-snippet:-1","max-image-preview":"max-image-preview:large","max-video-preview":"max-video-preview:-1"},"canonical":"https:\/\/arijonei.com\/eu\/","og_locale":"en_US","og_type":"article","og_title":"Inicio - ARIJONEI SL","og_description":"Sobre nosotros Bienvenido\/a a nuestro sitio web! Si est\u00e1s buscando comprar, vender o alquilar un inmueble, est\u00e1s en el lugar indicado. Contamos con una amplia variedad de opciones para ofrecerte, que se adaptan a tus necesidades y presupuesto. Nuestro equipo de expertos en bienes ra\u00edces estar\u00e1 a tu disposici\u00f3n para asesorarte en todo momento y [&hellip;]","og_url":"https:\/\/arijonei.com\/eu\/","og_site_name":"ARIJONEI SL","article_modified_time":"2023-08-03T09:05:04+00:00","twitter_card":"summary_large_image","twitter_misc":{"Est. reading time":"1 minutua"},"schema":{"@context":"https:\/\/schema.org","@graph":[{"@type":"WebPage","@id":"https:\/\/arijonei.com\/","url":"https:\/\/arijonei.com\/","name":"Inicio - ARIJONEI SL","isPartOf":{"@id":"https:\/\/arijonei.com\/#website"},"datePublished":"2023-08-02T11:30:18+00:00","dateModified":"2023-08-03T09:05:04+00:00","breadcrumb":{"@id":"https:\/\/arijonei.com\/#breadcrumb"},"inLanguage":"eu","potentialAction":[{"@type":"ReadAction","target":["https:\/\/arijonei.com\/"]}]},{"@type":"BreadcrumbList","@id":"https:\/\/arijonei.com\/#breadcrumb","itemListElement":[{"@type":"ListItem","position":1,"name":"Portada","item":"https:\/\/arijonei.com\/"},{"@type":"ListItem","position":2,"name":"Inicio"}]},{"@type":"WebSite","@id":"https:\/\/arijonei.com\/#website","url":"https:\/\/arijonei.com\/","name":"ARIJONEI SL","description":"Compra-venta y alquiler de inmuebles.","publisher":{"@id":"https:\/\/arijonei.com\/#organization"},"potentialAction":[{"@type":"SearchAction","target":{"@type":"EntryPoint","urlTemplate":"https:\/\/arijonei.com\/?s={search_term_string}"},"query-input":{"@type":"PropertyValueSpecification","valueRequired":true,"valueName":"search_term_string"}}],"inLanguage":"eu"},{"@type":"Organization","@id":"https:\/\/arijonei.com\/#organization","name":"ARIJONEI SL","url":"https:\/\/arijonei.com\/","logo":{"@type":"ImageObject","inLanguage":"eu","@id":"https:\/\/arijonei.com\/#\/schema\/logo\/image\/","url":"https:\/\/arijonei.com\/wp-content\/uploads\/2023\/08\/cropped-Arijonei_Mesa-de-trabajo-1.png","contentUrl":"https:\/\/arijonei.com\/wp-content\/uploads\/2023\/08\/cropped-Arijonei_Mesa-de-trabajo-1.png","width":1080,"height":206,"caption":"ARIJONEI SL"},"image":{"@id":"https:\/\/arijonei.com\/#\/schema\/logo\/image\/"}}]}},"_links":{"self":[{"href":"https:\/\/arijonei.com\/eu\/wp-json\/wp\/v2\/pages\/2","targetHints":{"allow":["GET"]}}],"collection":[{"href":"https:\/\/arijonei.com\/eu\/wp-json\/wp\/v2\/pages"}],"about":[{"href":"https:\/\/arijonei.com\/eu\/wp-json\/wp\/v2\/types\/page"}],"author":[{"embeddable":true,"href":"https:\/\/arijonei.com\/eu\/wp-json\/wp\/v2\/users\/1"}],"replies":[{"embeddable":true,"href":"https:\/\/arijonei.com\/eu\/wp-json\/wp\/v2\/comments?post=2"}],"version-history":[{"count":57,"href":"https:\/\/arijonei.com\/eu\/wp-json\/wp\/v2\/pages\/2\/revisions"}],"predecessor-version":[{"id":303,"href":"https:\/\/arijonei.com\/eu\/wp-json\/wp\/v2\/pages\/2\/revisions\/303"}],"wp:attachment":[{"href":"https:\/\/arijonei.com\/eu\/wp-json\/wp\/v2\/media?parent=2"}],"curies":[{"name":"wp","href":"https:\/\/api.w.org\/{rel}","templated":true}]}}